{"id":283,"date":"2025-10-19T17:35:34","date_gmt":"2025-10-19T17:35:34","guid":{"rendered":"https:\/\/compagnie-arc-ermont.fr\/?page_id=283"},"modified":"2025-12-01T11:39:27","modified_gmt":"2025-12-01T11:39:27","slug":"accueil","status":"publish","type":"page","link":"https:\/\/compagnie-arc-ermont.fr\/","title":{"rendered":"Accueil"},"content":{"rendered":"\t\t<div data-elementor-type=\"wp-page\" data-elementor-id=\"283\" class=\"elementor elementor-283\">\n\t\t\t\t<div class=\"elementor-element elementor-element-d25a9b6 e-grid e-con-boxed e-con e-parent\" data-id=\"d25a9b6\" data-element_type=\"container\" data-settings=\"{&quot;shape_divider_bottom&quot;:&quot;clouds&quot;}\">\n\t\t\t\t\t<div class=\"e-con-inner\">\n\t\t\t\t<div class=\"elementor-shape elementor-shape-bottom\" aria-hidden=\"true\" data-negative=\"false\">\n\t\t\t<svg xmlns=\"http:\/\/www.w3.org\/2000\/svg\" viewBox=\"0 0 283.5 27.8\" preserveAspectRatio=\"xMidYMax slice\">\n  <path class=\"elementor-shape-fill\" d=\"M0 0v6.7c1.9-.8 4.7-1.4 8.5-1 9.5 1.1 11.1 6 11.1 6s2.1-.7 4.3-.2c2.1.5 2.8 2.6 2.8 2.6s.2-.5 1.4-.7c1.2-.2 1.7.2 1.7.2s0-2.1 1.9-2.8c1.9-.7 3.6.7 3.6.7s.7-2.9 3.1-4.1 4.7 0 4.7 0 1.2-.5 2.4 0 1.7 1.4 1.7 1.4h1.4c.7 0 1.2.7 1.2.7s.8-1.8 4-2.2c3.5-.4 5.3 2.4 6.2 4.4.4-.4 1-.7 1.8-.9 2.8-.7 4 .7 4 .7s1.7-5 11.1-6c9.5-1.1 12.3 3.9 12.3 3.9s1.2-4.8 5.7-5.7c4.5-.9 6.8 1.8 6.8 1.8s.6-.6 1.5-.9c.9-.2 1.9-.2 1.9-.2s5.2-6.4 12.6-3.3c7.3 3.1 4.7 9 4.7 9s1.9-.9 4 0 2.8 2.4 2.8 2.4 1.9-1.2 4.5-1.2 4.3 1.2 4.3 1.2.2-1 1.4-1.7 2.1-.7 2.1-.7-.5-3.1 2.1-5.5 5.7-1.4 5.7-1.4 1.5-2.3 4.2-1.1c2.7 1.2 1.7 5.2 1.7 5.2s.3-.1 1.3.5c.5.4.8.8.9 1.1.5-1.4 2.4-5.8 8.4-4 7.1 2.1 3.5 8.9 3.5 8.9s.8-.4 2 0 1.1 1.1 1.1 1.1 1.1-1.1 2.3-1.1 2.1.5 2.1.5 1.9-3.6 6.2-1.2 1.9 6.4 1.9 6.4 2.6-2.4 7.4 0c3.4 1.7 3.9 4.9 3.9 4.9s3.3-6.9 10.4-7.9 11.5 2.6 11.5 2.6.8 0 1.2.2c.4.2.9.9.9.9s4.4-3.1 8.3.2c1.9 1.7 1.5 5 1.5 5s.3-1.1 1.6-1.4c1.3-.3 2.3.2 2.3.2s-.1-1.2.5-1.9 1.9-.9 1.9-.9-4.7-9.3 4.4-13.4c5.6-2.5 9.2.9 9.2.9s5-6.2 15.9-6.2 16.1 8.1 16.1 8.1.7-.2 1.6-.4V0H0z\"\/>\n<\/svg>\n\t\t<\/div>\n\t\t\t\t<div class=\"elementor-element elementor-element-1c5f4b0 elementor-widget elementor-widget-image\" data-id=\"1c5f4b0\" data-element_type=\"widget\" data-widget_type=\"image.default\">\n\t\t\t\t\t\t\t\t\t\t\t\t\t\t\t<img fetchpriority=\"high\" decoding=\"async\" width=\"1024\" height=\"768\" src=\"http:\/\/compagnie-arc-ermont.fr\/wp-content\/uploads\/2025\/10\/6330330175653963772-1024x768.jpg\" class=\"attachment-large size-large wp-image-458\" alt=\"\" srcset=\"http:\/\/compagnie-arc-ermont.fr\/wp-content\/uploads\/2025\/10\/6330330175653963772-1024x768.jpg 1024w, http:\/\/compagnie-arc-ermont.fr\/wp-content\/uploads\/2025\/10\/6330330175653963772-300x225.jpg 300w, http:\/\/compagnie-arc-ermont.fr\/wp-content\/uploads\/2025\/10\/6330330175653963772-768x576.jpg 768w, http:\/\/compagnie-arc-ermont.fr\/wp-content\/uploads\/2025\/10\/6330330175653963772-1536x1152.jpg 1536w, http:\/\/compagnie-arc-ermont.fr\/wp-content\/uploads\/2025\/10\/6330330175653963772.jpg 1600w\" sizes=\"(max-width: 1024px) 100vw, 1024px\" \/>\t\t\t\t\t\t\t\t\t\t\t\t\t\t\t<\/div>\n\t\t\t\t<div class=\"elementor-element elementor-element-016ce15 elementor-widget elementor-widget-image\" data-id=\"016ce15\" data-element_type=\"widget\" data-widget_type=\"image.default\">\n\t\t\t\t\t\t\t\t\t\t\t\t\t\t\t<img decoding=\"async\" src=\"http:\/\/compagnie-arc-ermont.fr\/wp-content\/uploads\/elementor\/thumbs\/blazonnet_detourer-e1760985763553-rdhxlrsyrl29ruiragx58fwu9a75o4x1k39iniink0.png\" title=\"blazonnet_detourer\" alt=\"blazonnet_detourer\" loading=\"lazy\" \/>\t\t\t\t\t\t\t\t\t\t\t\t\t\t\t<\/div>\n\t\t\t\t<div class=\"elementor-element elementor-element-a10ab67 elementor-widget elementor-widget-image\" data-id=\"a10ab67\" data-element_type=\"widget\" data-widget_type=\"image.default\">\n\t\t\t\t\t\t\t\t\t\t\t\t\t\t\t<img decoding=\"async\" width=\"1599\" height=\"1066\" src=\"http:\/\/compagnie-arc-ermont.fr\/wp-content\/uploads\/2025\/10\/6972963355426388107.jpg\" class=\"attachment-2048x2048 size-2048x2048 wp-image-459\" alt=\"\" srcset=\"http:\/\/compagnie-arc-ermont.fr\/wp-content\/uploads\/2025\/10\/6972963355426388107.jpg 1599w, http:\/\/compagnie-arc-ermont.fr\/wp-content\/uploads\/2025\/10\/6972963355426388107-300x200.jpg 300w, http:\/\/compagnie-arc-ermont.fr\/wp-content\/uploads\/2025\/10\/6972963355426388107-1024x683.jpg 1024w, http:\/\/compagnie-arc-ermont.fr\/wp-content\/uploads\/2025\/10\/6972963355426388107-768x512.jpg 768w, http:\/\/compagnie-arc-ermont.fr\/wp-content\/uploads\/2025\/10\/6972963355426388107-1536x1024.jpg 1536w\" sizes=\"(max-width: 1599px) 100vw, 1599px\" \/>\t\t\t\t\t\t\t\t\t\t\t\t\t\t\t<\/div>\n\t\t\t\t\t<\/div>\n\t\t\t\t<\/div>\n\t\t<div class=\"elementor-element elementor-element-58a6017 e-grid e-con-boxed e-con e-parent\" data-id=\"58a6017\" data-element_type=\"container\">\n\t\t\t\t\t<div class=\"e-con-inner\">\n\t\t\t\t<div class=\"elementor-element elementor-element-d61d1ed elementor-widget elementor-widget-text-editor\" data-id=\"d61d1ed\" data-element_type=\"widget\" data-widget_type=\"text-editor.default\">\n\t\t\t\t\t\t\t\t\t<div class=\"x1n2onr6 x1ja2u2z x9f619 x78zum5 xdt5ytf x2lah0s x193iq5w xjkvuk6 x1cnzs8\"><div class=\"x9f619 x1n2onr6 x1ja2u2z x78zum5 xdt5ytf x1iyjqo2 x2lwn1j\"><div class=\"x9f619 x1n2onr6 x1ja2u2z x78zum5 xdt5ytf x2lah0s x193iq5w xf7dkkf xv54qhq\"><div class=\"x78zum5 xdt5ytf x4cne27 xifccgj\"><div class=\"xzueoph x1k70j0n\"><h4 class=\"html-h2 xdj266r x14z9mp xat24cr x1lziwak xexx8yu xyri2b x18d9i69 x1c1uobl x1vvkbs x1heor9g x1qlqyl8 x1pd3egz x1a2a7pz x193iq5w xeuugli\" dir=\"auto\"><span class=\"x193iq5w xeuugli x13faqbe x1vvkbs x1xmvt09 x1lliihq x1s928wv xhkezso x1gmr53x x1cpjm7i x1fgarty x1943h6x xtoi2st xw06pyt x1603h9y x1u7k74 x1xlr1w8 xzsf02u x1yc453h\" dir=\"auto\"><span class=\"x1lliihq x6ikm8r x10wlt62 x1n2onr6 x1120s5i\">Pr\u00e9sentation<\/span><\/span><\/h4><\/div><\/div><\/div><\/div><\/div><div class=\"xieb3on\"><div class=\"x9f619 x1ja2u2z x78zum5 x2lah0s x1n2onr6 x1qughib x1qjc9v5 xozqiw3 x1q0g3np xv54qhq xf7dkkf xyamay9 x1ws5yxj xw01apr x4cne27 xifccgj\"><div class=\"x9f619 x1n2onr6 x1ja2u2z x78zum5 xdt5ytf x193iq5w xeuugli x1r8uery x1iyjqo2 xs83m0k x1icxu4v x25sj25 x10b6aqq x1yrsyyn\"><div class=\"x2b8uid x80vd3b x1q0q8m5 xso031l x1l90r2v\">Bienvenue sur le site officiel de la <strong data-start=\"403\" data-end=\"431\">Compagnie d\u2019Arc d\u2019Ermont<\/strong>.<br data-start=\"432\" data-end=\"435\" \/>Depuis plusieurs d\u00e9cennies, notre compagnie perp\u00e9tue la tradition du tir \u00e0 l\u2019arc tout en accueillant les archers de tous niveaux, du loisir \u00e0 la comp\u00e9tition.<br data-start=\"594\" data-end=\"597\" \/>Venez d\u00e9couvrir notre passion, nos valeurs et notre convivialit\u00e9.<\/div><\/div><\/div><div class=\"x9f619 x1ja2u2z x78zum5 x2lah0s x1n2onr6 x1qughib x1qjc9v5 xozqiw3 x1q0g3np xv54qhq xf7dkkf xyamay9 x1ws5yxj xw01apr x4cne27 xifccgj\"><div class=\"x9f619 x1n2onr6 x1ja2u2z x78zum5 xdt5ytf x193iq5w xeuugli x1r8uery x1iyjqo2 xs83m0k x1icxu4v x25sj25 x10b6aqq x1yrsyyn\"><div class=\"x9f619 x1ja2u2z x78zum5 x2lah0s x1n2onr6 x1nhvcw1 x1qjc9v5 xozqiw3 x1q0g3np xyamay9 x1ws5yxj xw01apr x4cne27 xifccgj\">\u00a0<\/div><\/div><\/div><\/div>\t\t\t\t\t\t\t\t<\/div>\n\t\t\t\t<div class=\"elementor-element elementor-element-4e63553 elementor-widget elementor-widget-text-editor\" data-id=\"4e63553\" data-element_type=\"widget\" data-widget_type=\"text-editor.default\">\n\t\t\t\t\t\t\t\t\t<div class=\"x1n2onr6 x1ja2u2z x9f619 x78zum5 xdt5ytf x2lah0s x193iq5w xjkvuk6 x1cnzs8\"><div class=\"x9f619 x1n2onr6 x1ja2u2z x78zum5 xdt5ytf x1iyjqo2 x2lwn1j\"><div class=\"x9f619 x1n2onr6 x1ja2u2z x78zum5 xdt5ytf x2lah0s x193iq5w xf7dkkf xv54qhq\"><div class=\"x78zum5 xdt5ytf x4cne27 xifccgj\"><div class=\"xzueoph x1k70j0n\"><h4 data-start=\"135\" data-end=\"205\">Nos pratiques\u00a0<\/h4><h6 data-start=\"135\" data-end=\"205\">Arcs pratiqu\u00e9s:<\/h6><p>&#8211; arc classique<br \/>&#8211; arc \u00e0 poulies<br \/>&#8211; arcs de chasse<br \/>&#8211; arc droit<\/p><h6 data-start=\"135\" data-end=\"205\">Disciplines pratiqu\u00e9es :<\/h6><p data-start=\"135\" data-end=\"205\">&#8211; tir en salle 18m et 25m<br \/>&#8211; tir ext\u00e9rieur 30m, 50m, 70m<br \/>&#8211; tir de parcours 3D<br \/>&#8211; tir Beursault<\/p><\/div><\/div><\/div><\/div><\/div>\t\t\t\t\t\t\t\t<\/div>\n\t\t\t\t<div class=\"elementor-element elementor-element-b13eb24 elementor-widget elementor-widget-text-editor\" data-id=\"b13eb24\" data-element_type=\"widget\" data-widget_type=\"text-editor.default\">\n\t\t\t\t\t\t\t\t\t<div class=\"x1n2onr6 x1ja2u2z x9f619 x78zum5 xdt5ytf x2lah0s x193iq5w xjkvuk6 x1cnzs8\"><div class=\"x9f619 x1n2onr6 x1ja2u2z x78zum5 xdt5ytf x1iyjqo2 x2lwn1j\"><div class=\"x9f619 x1n2onr6 x1ja2u2z x78zum5 xdt5ytf x2lah0s x193iq5w xf7dkkf xv54qhq\"><div class=\"x78zum5 xdt5ytf x4cne27 xifccgj\"><div class=\"xzueoph x1k70j0n\"><h4 class=\"html-h2 xdj266r x14z9mp xat24cr x1lziwak xexx8yu xyri2b x18d9i69 x1c1uobl x1vvkbs x1heor9g x1qlqyl8 x1pd3egz x1a2a7pz x193iq5w xeuugli\" dir=\"auto\"><span class=\"x193iq5w xeuugli x13faqbe x1vvkbs x1xmvt09 x1lliihq x1s928wv xhkezso x1gmr53x x1cpjm7i x1fgarty x1943h6x xtoi2st xw06pyt x1603h9y x1u7k74 x1xlr1w8 xzsf02u x1yc453h\" dir=\"auto\"><span class=\"x1lliihq x6ikm8r x10wlt62 x1n2onr6 x1120s5i\">Nos R\u00e9seaux<\/span><\/span><\/h4><\/div><\/div><\/div><\/div><\/div><div class=\"xieb3on\"><div class=\"x9f619 x1ja2u2z x78zum5 x2lah0s x1n2onr6 x1qughib x1qjc9v5 xozqiw3 x1q0g3np xv54qhq xf7dkkf xyamay9 x1ws5yxj xw01apr x4cne27 xifccgj\"><div class=\"x9f619 x1n2onr6 x1ja2u2z x78zum5 xdt5ytf x193iq5w xeuugli x1r8uery x1iyjqo2 xs83m0k x1icxu4v x25sj25 x10b6aqq x1yrsyyn\"><div class=\"x9f619 x1ja2u2z x78zum5 x2lah0s x1n2onr6 x1nhvcw1 x1qjc9v5 xozqiw3 x1q0g3np xyamay9 x1ws5yxj xw01apr x4cne27 xifccgj\"><div class=\"x9f619 x1n2onr6 x1ja2u2z x78zum5 xdt5ytf x2lah0s x193iq5w xeuugli x1icxu4v x25sj25 x10b6aqq x1yrsyyn\"><img decoding=\"async\" class=\"x1b0d499 xuo83w3\" src=\"https:\/\/static.xx.fbcdn.net\/rsrc.php\/v4\/yW\/r\/8k_Y-oVxbuU.png\" alt=\"\" width=\"20\" height=\"20\" \/> 105 Rue de Saint-Gratien, Ermont, France<\/div><\/div><div class=\"x9f619 x1ja2u2z x78zum5 x2lah0s x1n2onr6 x1nhvcw1 x1qjc9v5 xozqiw3 x1q0g3np xyamay9 x1ws5yxj xw01apr x4cne27 xifccgj\"><div class=\"x9f619 x1n2onr6 x1ja2u2z x78zum5 xdt5ytf x2lah0s x193iq5w xeuugli x1icxu4v x25sj25 x10b6aqq x1yrsyyn\"><img loading=\"lazy\" decoding=\"async\" class=\"x1b0d499 xuo83w3\" src=\"https:\/\/static.xx.fbcdn.net\/rsrc.php\/v4\/yE\/r\/2PIcyqpptfD.png\" alt=\"\" width=\"20\" height=\"20\" \/> ciearcermont@gmail.com<\/div><\/div><div class=\"x9f619 x1ja2u2z x78zum5 x2lah0s x1n2onr6 x1nhvcw1 x1qjc9v5 xozqiw3 x1q0g3np xyamay9 x1ws5yxj xw01apr x4cne27 xifccgj\"><div class=\"x9f619 x1n2onr6 x1ja2u2z x78zum5 xdt5ytf x2lah0s x193iq5w xeuugli x1icxu4v x25sj25 x10b6aqq x1yrsyyn\"><img loading=\"lazy\" decoding=\"async\" class=\"x1b0d499 xuo83w3\" src=\"https:\/\/static.xx.fbcdn.net\/rsrc.php\/v4\/yj\/r\/LPnnw6HJjJT.png\" alt=\"\" width=\"20\" height=\"20\" \/>\u00a0<a class=\"x1i10hfl xjbqb8w x1ejq31n x18oe1m7 x1sy0etr xstzfhl x972fbf x10w94by x1qhh985 x14e42zd x9f619 x1ypdohk xt0psk2 x3ct3a4 xdj266r x14z9mp xat24cr x1lziwak xexx8yu xyri2b x18d9i69 x1c1uobl x16tdsg8 x1hl2dhg xggy1nq x1a2a7pz xkrqix3 x1sur9pj x1fey0fg x1s688f\" tabindex=\"0\" role=\"link\" href=\"https:\/\/www.instagram.com\/compagnie_arc_ermont\" target=\"_blank\" rel=\"nofollow noopener noreferrer\">compagnie_arc_ermont<\/a><\/div><\/div><\/div><\/div><\/div>\t\t\t\t\t\t\t\t<\/div>\n\t\t\t\t\t<\/div>\n\t\t\t\t<\/div>\n\t\t\t\t<\/div>\n\t\t","protected":false},"excerpt":{"rendered":"<p>Pr\u00e9sentation Bienvenue sur le site officiel de la Compagnie d\u2019Arc d\u2019Ermont.Depuis plusieurs d\u00e9cennies, notre compagnie perp\u00e9tue la tradition du tir \u00e0 l\u2019arc tout en accueillant les archers de tous niveaux, du loisir \u00e0 la comp\u00e9tition.Venez d\u00e9couvrir notre passion, nos valeurs et notre convivialit\u00e9.\u00a0 Nos pratiques\u00a0 Arcs pratiqu\u00e9s: &#8211; arc classique&#8211; arc \u00e0 poulies&#8211; arcs de [&hellip;]<\/p>\n","protected":false},"author":1,"featured_media":0,"parent":0,"menu_order":0,"comment_status":"closed","ping_status":"closed","template":"","meta":{"footnotes":""},"class_list":["post-283","page","type-page","status-publish","hentry"],"blocksy_meta":[],"_links":{"self":[{"href":"https:\/\/compagnie-arc-ermont.fr\/index.php\/wp-json\/wp\/v2\/pages\/283","targetHints":{"allow":["GET"]}}],"collection":[{"href":"https:\/\/compagnie-arc-ermont.fr\/index.php\/wp-json\/wp\/v2\/pages"}],"about":[{"href":"https:\/\/compagnie-arc-ermont.fr\/index.php\/wp-json\/wp\/v2\/types\/page"}],"author":[{"embeddable":true,"href":"https:\/\/compagnie-arc-ermont.fr\/index.php\/wp-json\/wp\/v2\/users\/1"}],"replies":[{"embeddable":true,"href":"https:\/\/compagnie-arc-ermont.fr\/index.php\/wp-json\/wp\/v2\/comments?post=283"}],"version-history":[{"count":142,"href":"https:\/\/compagnie-arc-ermont.fr\/index.php\/wp-json\/wp\/v2\/pages\/283\/revisions"}],"predecessor-version":[{"id":571,"href":"https:\/\/compagnie-arc-ermont.fr\/index.php\/wp-json\/wp\/v2\/pages\/283\/revisions\/571"}],"wp:attachment":[{"href":"https:\/\/compagnie-arc-ermont.fr\/index.php\/wp-json\/wp\/v2\/media?parent=283"}],"curies":[{"name":"wp","href":"https:\/\/api.w.org\/{rel}","templated":true}]}}